{"id":315,"date":"2020-01-31T11:53:14","date_gmt":"2020-01-31T10:53:14","guid":{"rendered":"http:\/\/bellatean.com\/?page_id=315"},"modified":"2020-02-24T11:22:12","modified_gmt":"2020-02-24T10:22:12","slug":"biography-bella-tean","status":"publish","type":"page","link":"https:\/\/bellatean.com\/en\/biography-bella-tean\/","title":{"rendered":"Biography Bella Tean"},"content":{"rendered":"<div class=\"wpb-content-wrapper\">[vc_row curly_padding=&#8221;content-padding&#8221; css=&#8221;.vc_custom_1504195713546{padding-bottom: 0px !important;}&#8221;][vc_column][vc_column_text]\n<h1 class=\"display-2 special-title\" style=\"text-align: center;\"><small>BIOGRAPHY<\/small>Bella Tean<small>Pilar Tena Cabetas<\/small><\/h1>\n[\/vc_column_text][vc_empty_space height=&#8221;&#8221; el_class=&#8221;xtd-spacer&#8221;][\/vc_column][vc_column width=&#8221;1\/3&#8243;][vc_single_image image=&#8221;306&#8243; img_size=&#8221;full&#8221; style=&#8221;xtd-shadow&#8211;normal-light&#8221; el_class=&#8221;xtd-offset-frame&#8221;][\/vc_column][vc_column width=&#8221;2\/3&#8243; offset=&#8221;vc_col-lg-offset-1 vc_col-lg-7&#8243;][vc_column_text]<strong>Pilar Tena Cabetas<\/strong> (Bella Tean) was born in Zaragoza.<\/p>\n<p>Her artistic career starts in this city as a publicity drafstwoman. Later, she goes to the Academy, completing her formation in portrait, watercolours, and photography and image. Led by the hand of Eugenio Estrada, she studies in depth the language of children\u2019s drawings.<\/p>\n<p>In the eighties <strong>Pilar Tena Cabetas<\/strong> she goes to Barcelona with a grant from the Diputaci\u00f3n Provincial de Zaragoza, in order to be trained in Visual Perception, Dynamics of the colour and Gestalt of the shape with the artist <a href=\"http:\/\/www.galarroyo.com\/nuevo\/subasta\/catalogo\/biografias\/bio037.htm\" target=\"_blank\" rel=\"noopener noreferrer\">C\u00e9sar L\u00f3pez Osornio<\/a>, a professor fron the University of Osaka, Japan. Hence her first period of Geometric Abstraction with the group <em>\u201cArte Vivo\u201d<\/em>.<\/p>\n<p>In the nineties she spends some years in Palermo (Italy), as part of a group of professionals in the different artistic disciplines, who carry out the project<em> \u201cEducation through Art\u201d<\/em>. From that moment on, she studies in depth art as language in childhood and adulthood, and therapy in Art.<\/p>\n<p>Later on, she works in international projects in the community of the Mapuche Indians in Neuquen (Argentina).<\/p>\n<p>Mumbay and Kamyakumari (India) in order to make a documentary:\u00a0 <em>\u201cSapne\u201d- \u201cDreams\u201d<\/em>, in which she participates as a production and stills photography assistant and with which she reaches the final at the<em> \u201cCanal Plus\u201d<\/em> awards.<\/p>\n<p>She conducts workshops about painting in order to facilitate creativity in childhood: <em>\u201cChildren express themselves\u201d.<\/em> She has also made the DVD of the book <em>\u201cBabies and Cubs\u201d<\/em> and workshops about artistic creativity for adults.<\/p>\n<h3>Since 2000 participates as a speaker:<\/h3>\n<ul>\n<li>Master of Applied Social Studies. University of Zaragoza.<\/li>\n<li>Master of Traditional Alternative Medicine. Zaragoza&#8217;s University.<\/li>\n<li>Postgraduate and Master of Music Therapy &#8211; Art Therapy. University of Zaragoza.<\/li>\n<li>Summer courses, University of Zaragoza.<\/li>\n<li>Summer course, University of Teruel.<\/li>\n<li>Faculty of Medicine, 3rd grade students. Autonomous University of Madrid.<\/li>\n<li>Since 2003 she develops her educational project &#8211; Culture through art in Villanueva de Gallego. Zaragoza.<\/li>\n<\/ul>\n<p>Form and lead the group <em>&#8220;Arte Vivo\u201d<\/em>. See videos exhibitions and installations on YouTube: <a href=\"https:\/\/www.youtube.com\/channel\/UC4_E3oNoSnO5dav5ArF2rEg\" target=\"_blank\" rel=\"noopener noreferrer\">Bella Tean &amp; Arte Vivo<\/a>.<\/p>\n<p>Lectures on <em>\u201cThe evolutionary development in children&#8217;s drawings from scribbling to adolescence\u201d<\/em>.<\/p>\n<p>Speaker at a round table on <em>\u201cThe importance of art in welfare and health\u201d<\/em>.<\/p>\n<p>She participated in the exhibition, colective. E.Miramar Sitges, Barcelona. Meeting with Contemporary Art. Painters and Spanish Sculptors. With the work of Antonio L\u00f3pez, M.Barcel\u00f3, Casamada, Chillida, Cuixart, Dal\u00ed, Genoves, Feito, Oteiza, T\u00e0pies.<\/p>\n<p>Her work has a presence in the University of Zaragoza, the Museum of Contemporary Art of Abano Terme &#8211; Padova (Italy) and the Centre Mariano Mesonada of Zaragoza.<\/p>\n<p>Finalist in several competitions.<\/p>\n<p>She has exhibited her work in Bordeaux, Pavie, (France), Miami &#8211; Florida, (U.S.A),\u00a0 Abano Terme &#8211; Padova (Italy), Barcelona, Alicante, Tarragona, Arag\u00f3n\u00a0 and Navarra. It is also present in private collections in Zaragoza, Barcelona, Madrid, Argentina, Italy, San Francisco (U.S.A.) and\u00a0\u00a0 London.<\/p>\n<h3>Published work:<\/h3>\n<p>Book: <em>&#8220;Spanish Painters and Sculptors: Encounter with current art&#8221;<\/em>. Ga editions.<\/p>\n<p>Collaborative work in the book;<em> &#8220;a fluviofeliz experience&#8221;<\/em>. New Water Culture Foundation.<\/p>\n<p>Book and DVD <em>&#8220;Babies and puppies&#8221;<\/em>. University editions.<\/p>\n<p>DVD. <em>\u201cSapne\u201d &#8211; \u201cDreams\u201d<\/em>, Mumbai &#8211; INDIA<\/p>\n<p>Several articles in newspapers and magazines.<\/p>\n<p><a href=\"https:\/\/bellatean.com\/en\/collection\/\" target=\"_blank\" rel=\"noopener noreferrer\">View collection<\/a>[\/vc_column_text][\/vc_column][\/vc_row]\n<\/div>","protected":false},"excerpt":{"rendered":"<p>[vc_row curly_padding=&#8221;content-padding&#8221; css=&#8221;.vc_custom_1504195713546{padding-bottom: 0px !important;}&#8221;][vc_column][vc_column_text] BIOGRAPHYBella TeanPilar Tena Cabetas [\/vc_column_text][vc_empty_space height=&#8221;&#8221; el_class=&#8221;xtd-spacer&#8221;][\/vc_column][vc_column width=&#8221;1\/3&#8243;][vc_single_image image=&#8221;306&#8243; img_size=&#8221;full&#8221; style=&#8221;xtd-shadow&#8211;normal-light&#8221; el_class=&#8221;xtd-offset-frame&#8221;][\/vc_column][vc_column width=&#8221;2\/3&#8243; offset=&#8221;vc_col-lg-offset-1 vc_col-lg-7&#8243;][vc_column_text]Pilar Tena Cabetas (Bella Tean) was born in Zaragoza. Her artistic career starts in this city as a publicity drafstwoman. Later, she goes to the Academy, completing her formation in portrait, watercolours, and photography and image. Led by the hand of [&hellip;]<\/p>\n","protected":false},"author":1,"featured_media":306,"parent":0,"menu_order":0,"comment_status":"closed","ping_status":"closed","template":"","meta":{"footnotes":""},"class_list":["post-315","page","type-page","status-publish","has-post-thumbnail","hentry"],"yoast_head":"<!-- This site is optimized with the Yoast SEO plugin v25.8 - https:\/\/yoast.com\/wordpress\/plugins\/seo\/ -->\n<title>Biography artist plastic Pilar Tena Cabetas - Bella Tean<\/title>\n<meta name=\"description\" content=\"Biography of Bella Tean (Pilar Tena Cabetas) plastic artist born in Zaragoza and whose work you can discover on this website\" \/>\n<meta name=\"robots\" content=\"index, follow, max-snippet:-1, max-image-preview:large, max-video-preview:-1\" \/>\n<link rel=\"canonical\" href=\"https:\/\/bellatean.com\/en\/biography-bella-tean\/\" \/>\n<meta property=\"og:locale\" content=\"en_US\" \/>\n<meta property=\"og:type\" content=\"article\" \/>\n<meta property=\"og:title\" content=\"Biography artist plastic Pilar Tena Cabetas - Bella Tean\" \/>\n<meta property=\"og:description\" content=\"Biography of Bella Tean (Pilar Tena Cabetas) plastic artist born in Zaragoza and whose work you can discover on this website\" \/>\n<meta property=\"og:url\" content=\"https:\/\/bellatean.com\/en\/biography-bella-tean\/\" \/>\n<meta property=\"og:site_name\" content=\"Bella Tean\" \/>\n<meta property=\"article:modified_time\" content=\"2020-02-24T10:22:12+00:00\" \/>\n<meta property=\"og:image\" content=\"https:\/\/bellatean.com\/wp-content\/uploads\/2020\/01\/BellaTean.jpg\" \/>\n\t<meta property=\"og:image:width\" content=\"800\" \/>\n\t<meta property=\"og:image:height\" content=\"1200\" \/>\n\t<meta property=\"og:image:type\" content=\"image\/jpeg\" \/>\n<meta name=\"twitter:card\" content=\"summary_large_image\" \/>\n<meta name=\"twitter:label1\" content=\"Est. reading time\" \/>\n\t<meta name=\"twitter:data1\" content=\"3 minutes\" \/>\n<script type=\"application\/ld+json\" class=\"yoast-schema-graph\">{\"@context\":\"https:\/\/schema.org\",\"@graph\":[{\"@type\":\"WebPage\",\"@id\":\"https:\/\/bellatean.com\/en\/biography-bella-tean\/\",\"url\":\"https:\/\/bellatean.com\/en\/biography-bella-tean\/\",\"name\":\"Biography artist plastic Pilar Tena Cabetas - Bella Tean\",\"isPartOf\":{\"@id\":\"https:\/\/bellatean.com\/en\/#website\"},\"primaryImageOfPage\":{\"@id\":\"https:\/\/bellatean.com\/en\/biography-bella-tean\/#primaryimage\"},\"image\":{\"@id\":\"https:\/\/bellatean.com\/en\/biography-bella-tean\/#primaryimage\"},\"thumbnailUrl\":\"https:\/\/bellatean.com\/wp-content\/uploads\/2020\/01\/BellaTean.jpg\",\"datePublished\":\"2020-01-31T10:53:14+00:00\",\"dateModified\":\"2020-02-24T10:22:12+00:00\",\"description\":\"Biography of Bella Tean (Pilar Tena Cabetas) plastic artist born in Zaragoza and whose work you can discover on this website\",\"breadcrumb\":{\"@id\":\"https:\/\/bellatean.com\/en\/biography-bella-tean\/#breadcrumb\"},\"inLanguage\":\"en-US\",\"potentialAction\":[{\"@type\":\"ReadAction\",\"target\":[\"https:\/\/bellatean.com\/en\/biography-bella-tean\/\"]}]},{\"@type\":\"ImageObject\",\"inLanguage\":\"en-US\",\"@id\":\"https:\/\/bellatean.com\/en\/biography-bella-tean\/#primaryimage\",\"url\":\"https:\/\/bellatean.com\/wp-content\/uploads\/2020\/01\/BellaTean.jpg\",\"contentUrl\":\"https:\/\/bellatean.com\/wp-content\/uploads\/2020\/01\/BellaTean.jpg\",\"width\":800,\"height\":1200,\"caption\":\"Bella Tean (Pilar Tena Cavetas)\"},{\"@type\":\"BreadcrumbList\",\"@id\":\"https:\/\/bellatean.com\/en\/biography-bella-tean\/#breadcrumb\",\"itemListElement\":[{\"@type\":\"ListItem\",\"position\":1,\"name\":\"Portada\",\"item\":\"https:\/\/bellatean.com\/en\/\"},{\"@type\":\"ListItem\",\"position\":2,\"name\":\"Biography Bella Tean\"}]},{\"@type\":\"WebSite\",\"@id\":\"https:\/\/bellatean.com\/en\/#website\",\"url\":\"https:\/\/bellatean.com\/en\/\",\"name\":\"Bella Tean\",\"description\":\"Web de la artista Pilar Tena Cabetas\",\"publisher\":{\"@id\":\"https:\/\/bellatean.com\/en\/#\/schema\/person\/a702028d2a5f072824a314a39dd4714f\"},\"potentialAction\":[{\"@type\":\"SearchAction\",\"target\":{\"@type\":\"EntryPoint\",\"urlTemplate\":\"https:\/\/bellatean.com\/en\/?s={search_term_string}\"},\"query-input\":{\"@type\":\"PropertyValueSpecification\",\"valueRequired\":true,\"valueName\":\"search_term_string\"}}],\"inLanguage\":\"en-US\"},{\"@type\":[\"Person\",\"Organization\"],\"@id\":\"https:\/\/bellatean.com\/en\/#\/schema\/person\/a702028d2a5f072824a314a39dd4714f\",\"name\":\"Bella Tean\",\"image\":{\"@type\":\"ImageObject\",\"inLanguage\":\"en-US\",\"@id\":\"https:\/\/bellatean.com\/en\/#\/schema\/person\/image\/\",\"url\":\"https:\/\/bellatean.com\/wp-content\/uploads\/2020\/01\/bella-tean-logo.jpg\",\"contentUrl\":\"https:\/\/bellatean.com\/wp-content\/uploads\/2020\/01\/bella-tean-logo.jpg\",\"width\":300,\"height\":112,\"caption\":\"Bella Tean\"},\"logo\":{\"@id\":\"https:\/\/bellatean.com\/en\/#\/schema\/person\/image\/\"}}]}<\/script>\n<!-- \/ Yoast SEO plugin. -->","yoast_head_json":{"title":"Biography artist plastic Pilar Tena Cabetas - Bella Tean","description":"Biography of Bella Tean (Pilar Tena Cabetas) plastic artist born in Zaragoza and whose work you can discover on this website","robots":{"index":"index","follow":"follow","max-snippet":"max-snippet:-1","max-image-preview":"max-image-preview:large","max-video-preview":"max-video-preview:-1"},"canonical":"https:\/\/bellatean.com\/en\/biography-bella-tean\/","og_locale":"en_US","og_type":"article","og_title":"Biography artist plastic Pilar Tena Cabetas - Bella Tean","og_description":"Biography of Bella Tean (Pilar Tena Cabetas) plastic artist born in Zaragoza and whose work you can discover on this website","og_url":"https:\/\/bellatean.com\/en\/biography-bella-tean\/","og_site_name":"Bella Tean","article_modified_time":"2020-02-24T10:22:12+00:00","og_image":[{"width":800,"height":1200,"url":"https:\/\/bellatean.com\/wp-content\/uploads\/2020\/01\/BellaTean.jpg","type":"image\/jpeg"}],"twitter_card":"summary_large_image","twitter_misc":{"Est. reading time":"3 minutes"},"schema":{"@context":"https:\/\/schema.org","@graph":[{"@type":"WebPage","@id":"https:\/\/bellatean.com\/en\/biography-bella-tean\/","url":"https:\/\/bellatean.com\/en\/biography-bella-tean\/","name":"Biography artist plastic Pilar Tena Cabetas - Bella Tean","isPartOf":{"@id":"https:\/\/bellatean.com\/en\/#website"},"primaryImageOfPage":{"@id":"https:\/\/bellatean.com\/en\/biography-bella-tean\/#primaryimage"},"image":{"@id":"https:\/\/bellatean.com\/en\/biography-bella-tean\/#primaryimage"},"thumbnailUrl":"https:\/\/bellatean.com\/wp-content\/uploads\/2020\/01\/BellaTean.jpg","datePublished":"2020-01-31T10:53:14+00:00","dateModified":"2020-02-24T10:22:12+00:00","description":"Biography of Bella Tean (Pilar Tena Cabetas) plastic artist born in Zaragoza and whose work you can discover on this website","breadcrumb":{"@id":"https:\/\/bellatean.com\/en\/biography-bella-tean\/#breadcrumb"},"inLanguage":"en-US","potentialAction":[{"@type":"ReadAction","target":["https:\/\/bellatean.com\/en\/biography-bella-tean\/"]}]},{"@type":"ImageObject","inLanguage":"en-US","@id":"https:\/\/bellatean.com\/en\/biography-bella-tean\/#primaryimage","url":"https:\/\/bellatean.com\/wp-content\/uploads\/2020\/01\/BellaTean.jpg","contentUrl":"https:\/\/bellatean.com\/wp-content\/uploads\/2020\/01\/BellaTean.jpg","width":800,"height":1200,"caption":"Bella Tean (Pilar Tena Cavetas)"},{"@type":"BreadcrumbList","@id":"https:\/\/bellatean.com\/en\/biography-bella-tean\/#breadcrumb","itemListElement":[{"@type":"ListItem","position":1,"name":"Portada","item":"https:\/\/bellatean.com\/en\/"},{"@type":"ListItem","position":2,"name":"Biography Bella Tean"}]},{"@type":"WebSite","@id":"https:\/\/bellatean.com\/en\/#website","url":"https:\/\/bellatean.com\/en\/","name":"Bella Tean","description":"Web de la artista Pilar Tena Cabetas","publisher":{"@id":"https:\/\/bellatean.com\/en\/#\/schema\/person\/a702028d2a5f072824a314a39dd4714f"},"potentialAction":[{"@type":"SearchAction","target":{"@type":"EntryPoint","urlTemplate":"https:\/\/bellatean.com\/en\/?s={search_term_string}"},"query-input":{"@type":"PropertyValueSpecification","valueRequired":true,"valueName":"search_term_string"}}],"inLanguage":"en-US"},{"@type":["Person","Organization"],"@id":"https:\/\/bellatean.com\/en\/#\/schema\/person\/a702028d2a5f072824a314a39dd4714f","name":"Bella Tean","image":{"@type":"ImageObject","inLanguage":"en-US","@id":"https:\/\/bellatean.com\/en\/#\/schema\/person\/image\/","url":"https:\/\/bellatean.com\/wp-content\/uploads\/2020\/01\/bella-tean-logo.jpg","contentUrl":"https:\/\/bellatean.com\/wp-content\/uploads\/2020\/01\/bella-tean-logo.jpg","width":300,"height":112,"caption":"Bella Tean"},"logo":{"@id":"https:\/\/bellatean.com\/en\/#\/schema\/person\/image\/"}}]}},"_links":{"self":[{"href":"https:\/\/bellatean.com\/en\/wp-json\/wp\/v2\/pages\/315","targetHints":{"allow":["GET"]}}],"collection":[{"href":"https:\/\/bellatean.com\/en\/wp-json\/wp\/v2\/pages"}],"about":[{"href":"https:\/\/bellatean.com\/en\/wp-json\/wp\/v2\/types\/page"}],"author":[{"embeddable":true,"href":"https:\/\/bellatean.com\/en\/wp-json\/wp\/v2\/users\/1"}],"replies":[{"embeddable":true,"href":"https:\/\/bellatean.com\/en\/wp-json\/wp\/v2\/comments?post=315"}],"version-history":[{"count":1,"href":"https:\/\/bellatean.com\/en\/wp-json\/wp\/v2\/pages\/315\/revisions"}],"predecessor-version":[{"id":1082,"href":"https:\/\/bellatean.com\/en\/wp-json\/wp\/v2\/pages\/315\/revisions\/1082"}],"wp:featuredmedia":[{"embeddable":true,"href":"https:\/\/bellatean.com\/en\/wp-json\/wp\/v2\/media\/306"}],"wp:attachment":[{"href":"https:\/\/bellatean.com\/en\/wp-json\/wp\/v2\/media?parent=315"}],"curies":[{"name":"wp","href":"https:\/\/api.w.org\/{rel}","templated":true}]}}